{"id":627,"date":"2022-08-25T20:46:23","date_gmt":"2022-08-25T18:46:23","guid":{"rendered":"https:\/\/contakidsbretagne.com\/?page_id=627"},"modified":"2022-09-04T19:57:07","modified_gmt":"2022-09-04T17:57:07","slug":"creations","status":"publish","type":"page","link":"https:\/\/contakidsbretagne.com\/index.php\/creations\/","title":{"rendered":"Cr\u00e9ations"},"content":{"rendered":"\n<figure class=\"wp-block-embed aligncenter is-type-video is-provider-youtube wp-block-embed-youtube wp-embed-aspect-16-9 wp-has-aspect-ratio\"><div class=\"wp-block-embed__wrapper\">\n<iframe loading=\"lazy\" title=\"CONTAKIDS BRETAGNE  -   JOLIE PLANTE\" width=\"770\" height=\"433\" src=\"https:\/\/www.youtube.com\/embed\/uSw0RGng7IA?feature=oembed\" frameborder=\"0\" allow=\"accelerometer; autoplay; clipboard-write; encrypted-media; gyroscope; picture-in-picture\" allowfullscreen><\/iframe>\n<\/div><\/figure>\n\n\n\n<p class=\"has-white-background-color has-background has-small-font-size\" style=\"line-height:1.6\">J O L I E  P L A N T E <\/p>\n\n\n\n<p class=\"has-small-font-size\">Depuis toute petite,&nbsp;<\/p>\n\n\n\n<p class=\"has-small-font-size\"><img loading=\"lazy\" decoding=\"async\" height=\"16\" width=\"16\" src=\"https:\/\/static.xx.fbcdn.net\/images\/emoji.php\/v9\/t2d\/2\/16\/2665.png\" alt=\"\u2665\ufe0f\">R o s i e&nbsp;<img loading=\"lazy\" decoding=\"async\" height=\"16\" width=\"16\" src=\"https:\/\/static.xx.fbcdn.net\/images\/emoji.php\/v9\/t2d\/2\/16\/2665.png\" alt=\"\u2665\ufe0f\"><\/p>\n\n\n\n<p class=\"has-small-font-size\">me pique mes escarpins.<\/p>\n\n\n\n<p class=\"has-small-font-size\">Toc toc toc partout dans la maison !!!&nbsp;<\/p>\n\n\n\n<p class=\"has-small-font-size\">En attendant qu\u2019elle devienne une grande et jolie jeune fille.&nbsp;<\/p>\n\n\n\n<p class=\"has-small-font-size\">J\u2019ai voulu immortaliser une passation d\u2019un petit bout de f\u00e9minit\u00e9.&nbsp;<\/p>\n\n\n\n<p class=\"has-white-background-color has-background\"><\/p>\n\n\n\n<p class=\"has-small-font-size\"><img loading=\"lazy\" decoding=\"async\" height=\"16\" width=\"16\" src=\"https:\/\/static.xx.fbcdn.net\/images\/emoji.php\/v9\/t3d\/2\/16\/1f3b5.png\" alt=\"\ud83c\udfb5\">&nbsp;@reynmusician&nbsp;<\/p>\n\n\n\n<figure class=\"wp-block-embed is-type-video is-provider-youtube wp-block-embed-youtube wp-embed-aspect-16-9 wp-has-aspect-ratio\"><div class=\"wp-block-embed__wrapper\">\n<iframe loading=\"lazy\" title=\"CONTAKIDS  BRETAGNE - ESTELLE ROSIE ET LAPINPINET  - Contakids France\" width=\"770\" height=\"433\" src=\"https:\/\/www.youtube.com\/embed\/qgf99Jof5V0?feature=oembed\" frameborder=\"0\" allow=\"accelerometer; autoplay; clipboard-write; encrypted-media; gyroscope; picture-in-picture\" allowfullscreen><\/iframe>\n<\/div><\/figure>\n\n\n\n<p>CONTAKIDS BRETAGNE &#8211; ESTELLE ROSIE ET LAPINPINET &#8211; Contakids France<\/p>\n\n\n\n<p class=\"has-small-font-size\">Pr\u00e9sentation d&rsquo;un mouvement Contakids par Rosie et son lapin ! \ud83d\udc30<\/p>\n\n\n\n<figure class=\"wp-block-embed is-type-video is-provider-youtube wp-block-embed-youtube wp-embed-aspect-16-9 wp-has-aspect-ratio\"><div class=\"wp-block-embed__wrapper\">\n<iframe loading=\"lazy\" title=\"CONTAKIDS BRETAGNE  - P E T I T - T R \u00c8 S - H A U T\" width=\"770\" height=\"433\" src=\"https:\/\/www.youtube.com\/embed\/VxBy65zLFKg?feature=oembed\" frameborder=\"0\" allow=\"accelerometer; autoplay; clipboard-write; encrypted-media; gyroscope; picture-in-picture\" allowfullscreen><\/iframe>\n<\/div><\/figure>\n\n\n\n<p>P E T I T &#8211; T R \u00c8 S &#8211; H A U&nbsp;T<\/p>\n\n\n\n<p class=\"has-small-font-size\">Petit moment de complicit\u00e9&nbsp;<\/p>\n\n\n\n<p class=\"has-small-font-size\">avec&nbsp;<\/p>\n\n\n\n<p class=\"has-small-font-size\"><img loading=\"lazy\" decoding=\"async\" height=\"16\" width=\"16\" alt=\"\u2665\ufe0f\" src=\"https:\/\/static.xx.fbcdn.net\/images\/emoji.php\/v9\/tac\/1\/16\/2665.png\">Jos\u00e9phine et Thomas&nbsp;<img loading=\"lazy\" decoding=\"async\" height=\"16\" width=\"16\" alt=\"\u2665\ufe0f\" src=\"https:\/\/static.xx.fbcdn.net\/images\/emoji.php\/v9\/tac\/1\/16\/2665.png\"><\/p>\n\n\n\n<p class=\"has-small-font-size\">sur la rivi\u00e8re de Saint-Philibert (tout pr\u00e8s de son chantier) @jmtostreiculture<\/p>\n\n\n\n<p class=\"has-small-font-size\">O\u00f9 Thomas peut d\u00e9j\u00e0 partager avec elle sa passion et son savoir-faire.&nbsp;<\/p>\n\n\n\n<p class=\"has-small-font-size\">La transmission et le faire-savoir au centre des ateliers @leminor.fr de Guidel qui ont confectionn\u00e9 passionn\u00e9ment les pulls et bonnets de notre duo.&nbsp;<\/p>\n\n\n\n<p class=\"has-small-font-size\"><img loading=\"lazy\" decoding=\"async\" height=\"16\" width=\"16\" src=\"https:\/\/static.xx.fbcdn.net\/images\/emoji.php\/v9\/tf3\/1\/16\/1f539.png\" alt=\"\ud83d\udd39\">Jeux et mouvements<img loading=\"lazy\" decoding=\"async\" height=\"16\" width=\"16\" src=\"https:\/\/static.xx.fbcdn.net\/images\/emoji.php\/v9\/t1b\/1\/16\/1f53a.png\" alt=\"\ud83d\udd3a\"><img loading=\"lazy\" decoding=\"async\" height=\"16\" width=\"16\" src=\"https:\/\/static.xx.fbcdn.net\/images\/emoji.php\/v9\/t72\/1\/16\/1f538.png\" alt=\"\ud83d\udd38\">@contakids_bretagne sur le sable de la plage Kernevest et sur les rochers face \u00e0 la bou\u00e9e du Petit Tr\u00e9ho \u00e0 l&rsquo;entr\u00e9e de&nbsp;<a href=\"https:\/\/www.facebook.com\/watch\/hashtag\/latrinitesurmer?__eep__=6%2F&amp;__tn__=*NK-R\">#latrinitesurmer<\/a><\/p>\n\n\n\n<p class=\"has-small-font-size\"><img loading=\"lazy\" decoding=\"async\" height=\"16\" width=\"16\" alt=\"\ud83e\uddf5\" src=\"https:\/\/static.xx.fbcdn.net\/images\/emoji.php\/v9\/ta0\/1\/16\/1f9f5.png\">&nbsp;@leminor.fr&nbsp;<\/p>\n\n\n\n<p class=\"has-small-font-size\"><img loading=\"lazy\" decoding=\"async\" height=\"16\" width=\"16\" alt=\"\ud83c\udfb5\" src=\"https:\/\/static.xx.fbcdn.net\/images\/emoji.php\/v9\/t9e\/1\/16\/1f3b5.png\">&nbsp;Musique : EELS &#8211; That look you give that guy<\/p>\n\n\n\n<p class=\"has-small-font-size\">Un grand merci \u00e0 Jos\u00e9phine, Thomas, Le Minor &amp; au&nbsp;\ud83c\udf1e<\/p>\n\n\n\n<hr class=\"wp-block-separator has-alpha-channel-opacity\"\/>\n","protected":false},"excerpt":{"rendered":"<p>J O L I E P L A N T E Depuis toute petite,&nbsp; R o s i e&nbsp; me pique mes escarpins. Toc toc toc partout dans la maison !!!&nbsp; En attendant qu\u2019elle devienne une grande et jolie jeune fille.&nbsp; J\u2019ai voulu immortaliser une passation d\u2019un petit bout de f\u00e9minit\u00e9.&nbsp; &nbsp;@reynmusician&nbsp; CONTAKIDS BRETAGNE &#8211; [&hellip;]<\/p>\n","protected":false},"author":1,"featured_media":0,"parent":0,"menu_order":0,"comment_status":"closed","ping_status":"closed","template":"","meta":{"footnotes":""},"_links":{"self":[{"href":"https:\/\/contakidsbretagne.com\/index.php\/wp-json\/wp\/v2\/pages\/627"}],"collection":[{"href":"https:\/\/contakidsbretagne.com\/index.php\/wp-json\/wp\/v2\/pages"}],"about":[{"href":"https:\/\/contakidsbretagne.com\/index.php\/wp-json\/wp\/v2\/types\/page"}],"author":[{"embeddable":true,"href":"https:\/\/contakidsbretagne.com\/index.php\/wp-json\/wp\/v2\/users\/1"}],"replies":[{"embeddable":true,"href":"https:\/\/contakidsbretagne.com\/index.php\/wp-json\/wp\/v2\/comments?post=627"}],"version-history":[{"count":12,"href":"https:\/\/contakidsbretagne.com\/index.php\/wp-json\/wp\/v2\/pages\/627\/revisions"}],"predecessor-version":[{"id":728,"href":"https:\/\/contakidsbretagne.com\/index.php\/wp-json\/wp\/v2\/pages\/627\/revisions\/728"}],"wp:attachment":[{"href":"https:\/\/contakidsbretagne.com\/index.php\/wp-json\/wp\/v2\/media?parent=627"}],"curies":[{"name":"wp","href":"https:\/\/api.w.org\/{rel}","templated":true}]}}