{"id":491,"date":"2022-08-24T14:01:56","date_gmt":"2022-08-24T12:01:56","guid":{"rendered":"https:\/\/contakidsbretagne.com\/?page_id=491"},"modified":"2022-08-24T14:04:02","modified_gmt":"2022-08-24T12:04:02","slug":"les-tarifs","status":"publish","type":"page","link":"https:\/\/contakidsbretagne.com\/index.php\/les-tarifs\/","title":{"rendered":"Les tarifs."},"content":{"rendered":"\n<div class=\"wp-block-cover aligncenter is-light\" style=\"min-height:1009px\"><span aria-hidden=\"true\" class=\"wp-block-cover__background has-background-dim-0 has-background-dim\"><\/span><video class=\"wp-block-cover__video-background intrinsic-ignore\" autoplay muted loop playsinline src=\"https:\/\/contakidsbretagne.com\/wp-content\/uploads\/2022\/08\/CONTAKIDS-BRETAGNE-CHAUSSETTES.mp4\" style=\"object-position:53% 45%\" data-object-fit=\"cover\" data-object-position=\"53% 45%\"><\/video><div class=\"wp-block-cover__inner-container is-layout-flow wp-block-cover-is-layout-flow\">\n<p class=\"has-text-color\" style=\"color:#fed731;font-size:64px\">         Les tarifs.<\/p>\n\n\n\n<ul class=\"has-white-background-color has-background has-medium-font-size\"><li>1 Duo &#8211; 20\u20ac<\/li><li>2 Duos (enfants du m\u00eame foyer) &#8211; 28\u20ac <\/li><li>Carte de 10 ateliers en duo &#8211; 180 \u20ac*<\/li><li>Carte de 10 ateliers 2 duos &#8211; 260 \u20ac* <\/li><\/ul>\n\n\n\n<div class=\"wp-block-columns alignwide is-layout-flex wp-container-core-columns-layout-1 wp-block-columns-is-layout-flex\">\n<div class=\"wp-block-column is-layout-flow wp-block-column-is-layout-flow\" style=\"flex-basis:55%\">\n<p><\/p>\n\n\n\n<p class=\"has-white-color has-text-color has-background\" style=\"background-color:#13366594;font-size:16px;line-height:1.3\">Tous nos tarifs sont valables pour l&rsquo;ann\u00e9e 2022-2023 <\/p>\n\n\n\n<p class=\"has-white-color has-text-color has-background\" style=\"background-color:#13366594;font-size:16px;line-height:1.3\">Un duo est compos\u00e9 d&rsquo;un enfant et d&rsquo;un parent<\/p>\n\n\n\n<p class=\"has-white-color has-text-color has-background\" style=\"background-color:#13366594;font-size:16px;line-height:1.3\">*La carte est valable  2 ans, sur les deux sites (Vannes et la Trinit\u00e9-sur-Mer), la r\u00e9servation reste obligatoire ! <\/p>\n\n\n\n<p class=\"has-white-color has-text-color has-background\" style=\"background-color:#13366594;font-size:16px;line-height:1.3\">Partagez l&rsquo;exp\u00e9rience entre amis et b\u00e9n\u00e9ficiez d&rsquo;une remise de 10% pour une r\u00e9servation de plusieurs duos<\/p>\n<\/div>\n\n\n\n<div class=\"wp-block-column is-layout-flow wp-block-column-is-layout-flow\">\n<p><\/p>\n<\/div>\n<\/div>\n<\/div><\/div>\n","protected":false},"excerpt":{"rendered":"","protected":false},"author":1,"featured_media":0,"parent":0,"menu_order":0,"comment_status":"closed","ping_status":"closed","template":"","meta":{"footnotes":""},"_links":{"self":[{"href":"https:\/\/contakidsbretagne.com\/index.php\/wp-json\/wp\/v2\/pages\/491"}],"collection":[{"href":"https:\/\/contakidsbretagne.com\/index.php\/wp-json\/wp\/v2\/pages"}],"about":[{"href":"https:\/\/contakidsbretagne.com\/index.php\/wp-json\/wp\/v2\/types\/page"}],"author":[{"embeddable":true,"href":"https:\/\/contakidsbretagne.com\/index.php\/wp-json\/wp\/v2\/users\/1"}],"replies":[{"embeddable":true,"href":"https:\/\/contakidsbretagne.com\/index.php\/wp-json\/wp\/v2\/comments?post=491"}],"version-history":[{"count":11,"href":"https:\/\/contakidsbretagne.com\/index.php\/wp-json\/wp\/v2\/pages\/491\/revisions"}],"predecessor-version":[{"id":515,"href":"https:\/\/contakidsbretagne.com\/index.php\/wp-json\/wp\/v2\/pages\/491\/revisions\/515"}],"wp:attachment":[{"href":"https:\/\/contakidsbretagne.com\/index.php\/wp-json\/wp\/v2\/media?parent=491"}],"curies":[{"name":"wp","href":"https:\/\/api.w.org\/{rel}","templated":true}]}}